{"id":794,"date":"2018-05-09T12:00:48","date_gmt":"2018-05-09T12:00:48","guid":{"rendered":"http:\/\/aeolianvacations.com\/main\/?page_id=794"},"modified":"2024-03-14T01:34:03","modified_gmt":"2024-03-14T00:34:03","slug":"aeolian-discovery-tour-lipari-vulcano-panarea-stromboli-salina","status":"publish","type":"page","link":"https:\/\/aeolianvacations.com\/it\/hotel\/aeolian-discovery-tour-lipari-vulcano-panarea-stromboli-salina\/","title":{"rendered":"Aeolian discovery tour, Lipari, Vulcano, Panarea, Stromboli"},"content":{"rendered":"<blockquote><p>E nell&#8217;isola Eolia indi giungemmo dove il figlio d&#8217;Ippota avea dimora. Eolo, caro agli immortali dei. E&#8217; natante quest&#8217;isola e recinta da muraglie infrangibili di bronzo e liscia vi si leva alta la rupe&#8230;<\/p>\n<p><cite>Omero-Odissea-Libro X<\/cite><\/p><\/blockquote>\n<h3>Le isole del fuoco e del vento<\/h3>\n<figure id=\"attachment_1073\" aria-describedby=\"caption-attachment-1073\" style=\"width: 300px\" class=\"wp-caption alignright\"><img loading=\"lazy\" decoding=\"async\" class=\"wp-image-1073 size-medium\" src=\"http:\/\/aeolianvacations.com\/main\/wp-content\/uploads\/2018\/05\/vulcaofromlipari-300x199.jpg\" alt=\"Vulcano view from Lipari\" width=\"300\" height=\"199\" srcset=\"https:\/\/aeolianvacations.com\/main\/wp-content\/uploads\/2018\/05\/vulcaofromlipari-300x199.jpg 300w, https:\/\/aeolianvacations.com\/main\/wp-content\/uploads\/2018\/05\/vulcaofromlipari-768x510.jpg 768w, https:\/\/aeolianvacations.com\/main\/wp-content\/uploads\/2018\/05\/vulcaofromlipari-1024x680.jpg 1024w, https:\/\/aeolianvacations.com\/main\/wp-content\/uploads\/2018\/05\/vulcaofromlipari-843x560.jpg 843w, https:\/\/aeolianvacations.com\/main\/wp-content\/uploads\/2018\/05\/vulcaofromlipari-840x560.jpg 840w, https:\/\/aeolianvacations.com\/main\/wp-content\/uploads\/2018\/05\/vulcaofromlipari.jpg 1200w\" sizes=\"auto, (max-width: 300px) 100vw, 300px\" \/><figcaption id=\"caption-attachment-1073\" class=\"wp-caption-text\">Vista di Vulcano da LIpari<\/figcaption><\/figure>\n<p>Le Eolie sono un arcipelago di 7 isole di origine vulcanica, Lipari, Salina, Vulcano, Stromboli, Filicudi Alicudi e Panarea, ubicate al largo della Sicilia settentrionale, di fronte alla costa tirrenica messinese. Il turista, gia\u0300 al suo arrivo, rimane colpito da uno scenario da sogno caratterizzato da un mare limpido e cristallino, panorami mozzafiato, silenzi surreali, colori e profumi intensi.<\/p>\n<p>Il clima e\u0300 mite e temperato durante tutto l\u2019arco dell\u2019anno. La temperatura media varia dai 10\u00b0C, nel periodo invernale, ai 20-22\u00b0C, nella stagione primaverile ed autunnale. In estate, poi, il termometro oscilla sui valori di 27-30\u00b0C<\/p>\n<p>Le Isole Eolie, pero\u0300, non sono soltanto un paradiso naturale ma rappresentano una meta affascinante anche per la particolarita\u0300 del cibo. La cucina eoliana e\u0300 una perfetta commistione di tradizioni contadine e marinare e, per questa ragione, e\u0300 unica nel suo genere. Il protagonista indiscusso delle ricette eoliane e\u0300, sicuramente, il pesce che troviamo in quasi tutte le portate. A seguire il cappero eoliano ed i caratteristici pomodorini \u201ca pennula\u201d. L\u2019uso sapiente delle erbe aromatiche rappresenta, poi, un\u2019altra caratteristica della cucina eoliana. Il loro impiego conferisce fragranza ed originalita\u0300 ad ogni pietanza.<\/p>\n<h3>Tour alla scoperta delle Eolie<\/h3>\n<p><img loading=\"lazy\" decoding=\"async\" class=\"alignright size-full wp-image-905\" src=\"http:\/\/aeolianvacations.com\/main\/wp-content\/uploads\/2018\/05\/eolieinretelogo.png\" alt=\"eolie in rete\" width=\"160\" height=\"144\" \/>In collborazione con Eolie in rete<\/p>\n<p>Tour di gruppo - 8 giorni - 7 notti<br \/>\nMinimo 8 partecipanti<\/p>\n<h5>Periodi in giugno, da prenotare entro il 26\/05\/2018<\/h5>\n<ul>\n<li>01\/06 &#8211; 08\/06 2018<\/li>\n<li>08\/06 &#8211; 15\/06 2018<\/li>\n<li>15\/06 &#8211; 22\/06 2018<\/li>\n<\/ul>\n<h5>Periodi in settembre, da prenotare entro il 18\/06\/2018<\/h5>\n<ul>\n<li>31\/08 &#8211; 07\/09 2018<\/li>\n<li>07\/09 &#8211; 14\/09 2018<\/li>\n<li>14\/09 &#8211; 21\/09 2018<\/li>\n<li>22\/09 &#8211; 29\/09 2018<\/li>\n<\/ul>\n<h3>Descrizione del tour<\/h3>\n<p>La nostra proposta di viaggio e\u0300 stata pensata per visitare le isole via mare e via terra. Si tratta di un itinerario semplice ma, allo stesso tempo, suggestivo alla scoperta delle isole di Lipari, Salina, Vulcano, Stromboli e Panarea.<\/p>\n<h3>Ospitalit\u00e0<\/h3>\n<figure id=\"attachment_915\" aria-describedby=\"caption-attachment-915\" style=\"width: 300px\" class=\"wp-caption alignleft\"><img loading=\"lazy\" decoding=\"async\" class=\"wp-image-915 size-medium\" src=\"http:\/\/aeolianvacations.com\/main\/wp-content\/uploads\/2018\/05\/viewcanneto-300x169.jpg\" alt=\"view from canneto, lipari\" width=\"300\" height=\"169\" srcset=\"https:\/\/aeolianvacations.com\/main\/wp-content\/uploads\/2018\/05\/viewcanneto-300x169.jpg 300w, https:\/\/aeolianvacations.com\/main\/wp-content\/uploads\/2018\/05\/viewcanneto-768x432.jpg 768w, https:\/\/aeolianvacations.com\/main\/wp-content\/uploads\/2018\/05\/viewcanneto.jpg 800w\" sizes=\"auto, (max-width: 300px) 100vw, 300px\" \/><figcaption id=\"caption-attachment-915\" class=\"wp-caption-text\">Balcony view<\/figcaption><\/figure>\n<p>Le sistemazioni sono previste nella bella <a href=\"http:\/\/aeolianvacations.com\/it\/hotel\/apartments-lipari-aeolian-islands-sicily\/\">holiday home l&#8217;Eros Blu<\/a>in localit\u00e0 Canneto a Lipari, a 200 metri dal mare. Lipari \u00e8 la pi\u00f9 grande tra le Isole Eolie e rappresenta il giusto compromesso tra comodit\u00e0, svago e bellezze naturali. Gli appartamenti sono spaziosi e ben arredati, forniti di tutti i comfort, e possono ospitare da un minimo di 2 fino ad un massimo di 5 persone.<\/p>\n<hr \/>\n<h3>Itinerari delle escursioni<\/h3>\n<h4>Tour in barca di Lipari e Vulcano con possibilit\u00e0 di salita al \u201cGran Cratere\u201d<\/h4>\n<p><img loading=\"lazy\" decoding=\"async\" class=\"aligncenter wp-image-694 size-large\" src=\"http:\/\/aeolianvacations.com\/main\/wp-content\/uploads\/2018\/04\/liparialiscafo-1024x681.jpg\" alt=\"welcome to lipari aeolian islands sicily\" width=\"748\" height=\"497\" srcset=\"https:\/\/aeolianvacations.com\/main\/wp-content\/uploads\/2018\/04\/liparialiscafo-1024x681.jpg 1024w, https:\/\/aeolianvacations.com\/main\/wp-content\/uploads\/2018\/04\/liparialiscafo-300x200.jpg 300w, https:\/\/aeolianvacations.com\/main\/wp-content\/uploads\/2018\/04\/liparialiscafo-768x511.jpg 768w, https:\/\/aeolianvacations.com\/main\/wp-content\/uploads\/2018\/04\/liparialiscafo-842x560.jpg 842w, https:\/\/aeolianvacations.com\/main\/wp-content\/uploads\/2018\/04\/liparialiscafo.jpg 1920w\" sizes=\"auto, (max-width: 748px) 100vw, 748px\" \/><\/p>\n<p>Partenza da Lipari per Vulcano in mattinata con imbarcazione privata. Dopo pochi minuti di navigazione potremo gi\u00e0 costeggiare la penisola di Vulcanello e la \"Valle dei mostri\", per poi raggiungere il porto principale di Vulcano, dove ci fermeremo un paio di ore.<\/p>\n<p>Gli ospiti da qui, potranno raggiungere facilmente la spiaggia delle \u201cAcque Calde\u201d o la \u201cVasca dei fanghi sulfurei\u201d.<\/p>\n<p>In alternativa potranno girovagare per le stradine principali dell\u2019isola costellate di negozietti, dove \u00e8 possibile trovare anche oggetti di grande valore artistico e artigianale, boutique, bar, pizzerie e ristoranti.<\/p>\n<figure id=\"attachment_916\" aria-describedby=\"caption-attachment-916\" style=\"width: 748px\" class=\"wp-caption aligncenter\"><img loading=\"lazy\" decoding=\"async\" class=\"wp-image-916 size-large\" src=\"http:\/\/aeolianvacations.com\/main\/wp-content\/uploads\/2018\/05\/vulcano-crater-sm-1024x683.jpg\" alt=\"vulcano crater\" width=\"748\" height=\"499\" srcset=\"https:\/\/aeolianvacations.com\/main\/wp-content\/uploads\/2018\/05\/vulcano-crater-sm-1024x683.jpg 1024w, https:\/\/aeolianvacations.com\/main\/wp-content\/uploads\/2018\/05\/vulcano-crater-sm-300x200.jpg 300w, https:\/\/aeolianvacations.com\/main\/wp-content\/uploads\/2018\/05\/vulcano-crater-sm-768x512.jpg 768w, https:\/\/aeolianvacations.com\/main\/wp-content\/uploads\/2018\/05\/vulcano-crater-sm-839x560.jpg 839w, https:\/\/aeolianvacations.com\/main\/wp-content\/uploads\/2018\/05\/vulcano-crater-sm-840x560.jpg 840w, https:\/\/aeolianvacations.com\/main\/wp-content\/uploads\/2018\/05\/vulcano-crater-sm.jpg 1100w\" sizes=\"auto, (max-width: 748px) 100vw, 748px\" \/><figcaption id=\"caption-attachment-916\" class=\"wp-caption-text\">Il cratere di Vulcano<\/figcaption><\/figure>\n<p>Chi, invece, ama le escursioni naturalistiche, la visita al \u201cGran Cratere\u201d di Vulcano \u00e8 d\u2019obbligo. A pochi minuti di cammino dal Porto di Levante parte un sentiero che conduce in cima alla vetta. La salita non \u00e8 impegnativa, non necessita di particolari attrezzature e preparazione ed \u00e8 adatta un po\u2019 a tutti. Una volta giunti in vetta, potrete godere di un panorama mozzafiato. Il Gran Cratere di Vulcano \u00e8, infatti, l\u2019unico posto da dove \u00e8 possibile ammirare l\u2019intero arcipelago eoliano in un unico sguardo. Alcuni degli scatti pi\u00f9 suggestivi delle Isole Eolie provengono proprio da questo luogo.<\/p>\n<p>Ripartiti vedremo la famosa \"Sirenetta\",la \"Grotta dell'allume\", fino ad arrivare nell'incantevole spiaggia di finissima sabbia nera del Vulcano chiamata \"Baia dell'asino\" per un altro piacevole bagno. A seguire costeggeremo la localit\u00e0 del villaggio di \"Gelso\" e poi l\u2019area costiera vicina alla \"Grotta del cavallo\" e la \"Piscina di Venere\" per una sosta bagno.<\/p>\n<p>Concluderemo l'escursione con l'ultimo bagno nella \"Baia di Vinci\" a Lipari. Il rientro a Lipari \u00e8 previsto nel pomeriggio, h.17,00 circa.<\/p>\n<h4>Tour in barca a Panarea e Stromboli con possibilita\u0300 di salita ai crateri di Strombol<\/h4>\n<figure id=\"attachment_1069\" aria-describedby=\"caption-attachment-1069\" style=\"width: 1000px\" class=\"wp-caption aligncenter\"><img loading=\"lazy\" decoding=\"async\" class=\"wp-image-1069 size-full\" src=\"http:\/\/aeolianvacations.com\/main\/wp-content\/uploads\/2018\/05\/Panarea-cala-junco1000-1.jpg\" alt=\"boat excursions panarea aeolian islands\" width=\"1000\" height=\"667\" srcset=\"https:\/\/aeolianvacations.com\/main\/wp-content\/uploads\/2018\/05\/Panarea-cala-junco1000-1.jpg 1000w, https:\/\/aeolianvacations.com\/main\/wp-content\/uploads\/2018\/05\/Panarea-cala-junco1000-1-300x200.jpg 300w, https:\/\/aeolianvacations.com\/main\/wp-content\/uploads\/2018\/05\/Panarea-cala-junco1000-1-768x512.jpg 768w, https:\/\/aeolianvacations.com\/main\/wp-content\/uploads\/2018\/05\/Panarea-cala-junco1000-1-840x560.jpg 840w\" sizes=\"auto, (max-width: 1000px) 100vw, 1000px\" \/><figcaption id=\"caption-attachment-1069\" class=\"wp-caption-text\">Panarea, Calajunco<\/figcaption><\/figure>\n<p>Partenza da Lipari per Panarea e Stromboli in tarda mattinata con imbarcazione privata. Una volta giunti a Panarea, la piu\u0300 glamour delle Isole Eolie, sosteremo, per un primo bagno, presso l\u2019area della bellissima Baia di Calajunco che si trova sotto lo splendido villaggio preistorico, risalente all\u2019eta\u0300 del bronzo (XIV secolo a.c.) e rinvenuto nel 1948, di \u201cCapo Milazzese\u201d.<\/p>\n<p>Quindi, continuando a costeggiare la costa di Panarea, l\u2019imbarcazione fara\u0300 scalo al porto principale. I clienti, qui, avranno un po\u2019 di tempo a disposizione per visitare il paese, fare dello shopping fra le numerose boutique esclusive o pranzare in qualche locale caratteristico. Una volta rientrati a bordo, si proseguira\u0300 la navigazione verso gli isolotti, dove ci soffermeremo per osservare i famosi \"gorghi sulfurei\" (bolle a fior d'acqua derivanti da un'attivita\u0300 vulcanica sottomarina).<\/p>\n<figure id=\"attachment_1066\" aria-describedby=\"caption-attachment-1066\" style=\"width: 1000px\" class=\"wp-caption aligncenter\"><img loading=\"lazy\" decoding=\"async\" class=\"wp-image-1066 size-full\" src=\"http:\/\/aeolianvacations.com\/main\/wp-content\/uploads\/2018\/05\/DenglerSW-Stromboli-.jpg\" alt=\"stromboli, isole eoilie\" width=\"1000\" height=\"650\" srcset=\"https:\/\/aeolianvacations.com\/main\/wp-content\/uploads\/2018\/05\/DenglerSW-Stromboli-.jpg 1000w, https:\/\/aeolianvacations.com\/main\/wp-content\/uploads\/2018\/05\/DenglerSW-Stromboli--300x195.jpg 300w, https:\/\/aeolianvacations.com\/main\/wp-content\/uploads\/2018\/05\/DenglerSW-Stromboli--768x499.jpg 768w, https:\/\/aeolianvacations.com\/main\/wp-content\/uploads\/2018\/05\/DenglerSW-Stromboli--862x560.jpg 862w\" sizes=\"auto, (max-width: 1000px) 100vw, 1000px\" \/><figcaption id=\"caption-attachment-1066\" class=\"wp-caption-text\">Stromboli, photo By Steven W. Dengler<\/figcaption><\/figure>\n<p>Quindi si proseguira\u0300 per Stromboli. L\u2019isola ospita uno dei vulcani piu\u0300 attivi al mondo che gli strombolani, in maniera simpatica, sono soliti chiamare \u201cIddu\u201d (lui), quasi come fosse un componente della loro famiglia. Una volta arrivati in porto, i clienti verranno accompagnati al punto di incontro con le nostre guide vulcanologiche per, poi, proseguire con la scalata ai crateri (Tempo di percorrenza: 3-4 ore di salita piu\u0300 2-3 ore di discesa - Difficolta\u0300 medio\/alta). Una volta in cima, i partecipanti verranno colpiti dall\u2019incomparabile scenario delle eruzioni notturne.<\/p>\n<p>Chi, invece, non volesse partecipare alla scalata ai crateri di Stromboli, potra\u0300 visitare il caratteristico paesino, con le sue piccole case bianche ed i vicoli molto stretti, e cenare in qualche locale tipico del posto.<\/p>\n<p>A tarda sera rientro a Lipari.<\/p>\n<p>*Il cliente, in questo caso, ne dovra\u0300 dare comunicazione al momento della prenotazione del viaggio e avra\u0300 diritto ad una riduzione.<\/p>\n<h4>Gita a Salina con escursione al sentiero \"Lingua Paolonici\"<\/h4>\n<figure id=\"attachment_1075\" aria-describedby=\"caption-attachment-1075\" style=\"width: 748px\" class=\"wp-caption alignright\"><img loading=\"lazy\" decoding=\"async\" class=\"wp-image-1075 size-large\" src=\"http:\/\/aeolianvacations.com\/main\/wp-content\/uploads\/2018\/05\/Salina_view-1024x703.jpg\" alt=\"salina view from lipari\" width=\"748\" height=\"514\" srcset=\"https:\/\/aeolianvacations.com\/main\/wp-content\/uploads\/2018\/05\/Salina_view-1024x703.jpg 1024w, https:\/\/aeolianvacations.com\/main\/wp-content\/uploads\/2018\/05\/Salina_view-300x206.jpg 300w, https:\/\/aeolianvacations.com\/main\/wp-content\/uploads\/2018\/05\/Salina_view-768x527.jpg 768w, https:\/\/aeolianvacations.com\/main\/wp-content\/uploads\/2018\/05\/Salina_view-816x560.jpg 816w, https:\/\/aeolianvacations.com\/main\/wp-content\/uploads\/2018\/05\/Salina_view.jpg 1200w\" sizes=\"auto, (max-width: 748px) 100vw, 748px\" \/><figcaption id=\"caption-attachment-1075\" class=\"wp-caption-text\">Vista di Salina da LIpari<\/figcaption><\/figure>\n<p>Partenza da Lipari per Salina, con aliscafo di linea ad orario prestabilito. L\u2019approdo \u00e8 previsto in localit\u00e0 Santa Marina Salina. Una volta giunti a Salina, troverete un nostro mezzo di trasporto con conducente che vi condurr\u00e0 a Lingua. Lingua \u00e8 un piccolo paesino di pescatori, a poca distanza da Santa Marina Salina, noto a tutti per la presenza di un laghetto salato da cui, in tempi remoti, si estraeva il sale e da cui trae origine il nome Salina. La zona, oggi, \u00e8 considerata area protetta per la sua importanza ecologica e biologica.<\/p>\n<p>Da Lingua,  partir\u00e0 un\u2019 escursione guidata, della durata di circa due ore, lungo un percorso naturalistico di particolare bellezza. L\u2019itinerario non \u00e8 impegnativo ed \u00e8 adatto a tutti. Dall\u2019abitato di Lingua si imbocca un sentiero che, tra antichi terrazzamenti ed ulivi secolari, conduce in localit\u00e0 Genovesi. Da qui comincia la salita per raggiungere l\u2019altra localit\u00e0 Paolonoci, dove si trova una vecchia casa in tipico stile eoliano, circondata da un ampio terreno coltivato ad uva, capperi e olive. Il panorama, da questo punto, \u00e8 spettacolare con, all\u2019orizzonte, Lipari, Vulcano e la Sicilia. Quindi si prosegue con una piacevole discesa in mezzo alla macchia mediterranea per giungere, infine, in localit\u00e0 Nero, passando per il laghetto salato di Lingua.<\/p>\n<p>Gli ospiti, al termine dell\u2019escursione, si potranno rifocillare presso i locali di questo vivace piccolo villaggio, molto noto tra gli altri il bar \u201cDa Alfredo\u201d e famoso per le sue granite alla frutta (anguria, melone, fichi, more, gelsi, ecc\u2026) e per il pane \u201cCunzato\u201d. Dopo l\u2019escursione naturalistica, \u00e8 prevista la visita  all\u2019azienda agricola \u201cCarlo Hauner\u201d conosciuta, in tutto il mondo, per la produzione della \u201cMalvasia delle Lipari\u201d.<\/p>\n<p>I clienti, oltre a degustare alcuni tra i migliori vini di loro produzione, potranno assaggiare anche alcuni prodotti tipici eoliani. Nel pomeriggio trasferimento su Santa Marina Salina. I clienti avranno a disposizione un po\u2019 di tempo libero per visitare il paesino con i suoi caratteristici vicoli e le case color pastello.<\/p>\n<p>Nel tardo pomeriggio rientro a Lipari con aliscafo di linea ad orario prestabilito<\/p>\n<hr \/>\n<h3>Aeolian discovery tour prices<\/h3>\n<p>Euro 605,00 per persona<\/p>\n<h5>Il costo include:<\/h5>\n<ul>\n<li>Escursioni e spostamenti come indicato<\/li>\n<li>Assicurazione di viaggio (responsabilita' civile e spese mediche)<\/li>\n<li>\u00a0Soggiorno di 7 notti in appartmento di due camere da letto all'Eros Blu in Canneto. Se prenotato da una singola persona invece che da 2, e' prevista una somma addizionale di Euro 192,00. Sono previsti sconti per bambini al di sotto degli 8 anni, contattaci per un preventivo.<\/li>\n<li>Trasferimento dal porto di Lipari all'appartamento, nei giorni di arrivo e partenza.<\/li>\n<li>\u00a0Gite a Lipari, Vulcano, Panarea e Stromboli in imbarcazioni condivise, incluso di escursioni di gruppo al cratere dello Stromboli con guide autorizzate<\/li>\n<li>Viaggio organizzato a Salina, con escursioni naturalistiche (percorso \u201cLingua-Paolonoci\u201d) e visite all'azienda di Carlo Hauner. Incluso di trasferimenti con trasporti di linea da Lipari a Salina e dal porto di Salina a Lingua e ritorno.<\/li>\n<\/ul>\n<h5>Il costo non include<\/h5>\n<ul>\n<li>Viaggi aerei e trasporti per raggiungere le Isole Eolie<\/li>\n<li>Trasferimenti dall'appartamento al punto di partenza delle varie escursioni.<\/li>\n<li>\u00a0Eventuali biglietti di ingresso<\/li>\n<li>\u00a0Pasti (colazioni, pranzi e cene)<\/li>\n<li>\u00a0Noleggio di attrezzature da trekking<\/li>\n<\/ul>\n<p>Attrezzatura obbligatoria per la scalata allo Stromboli: scarpe da trekking, torcia elettrica con pile di riserva, maglietta di ricambio, una felpa, un giubbotto, almeno 1 litro di acqua a persona, cena a sacco \u2013 il tutto rimane a carico di ogni singolo partecipante. Possibilita\u0300 di noleggio e\/o acquisto delle attrezzature direttamente a Stromboli.<\/p>\n<p>L\u2019escursione al vulcano atvo dello Stromboli implica altitudine di 900 mt slm, se si soffre di patologie cardio- vascolari , vertigini e\/o altro e\u0300 bene consultare il proprio medico prima di confermarla.<\/p>","protected":false},"excerpt":{"rendered":"<p>Group tour  &#8211; 8 days -7 nights<\/p>\n<p><a href=\"http:\/\/aeolianvacations.com\/it\/main\/book-aeolian-discovery-tour\/\"><button type=\"submit\" class=\"button mphb-book-button\" >Prenota il tour qui! <\/button><\/a><\/p>","protected":false},"author":1,"featured_media":778,"parent":16,"menu_order":0,"comment_status":"closed","ping_status":"closed","template":"template-grid-page.php","meta":{"footnotes":""},"class_list":["post-794","page","type-page","status-publish","has-post-thumbnail","hentry"],"jetpack_sharing_enabled":true,"_links":{"self":[{"href":"https:\/\/aeolianvacations.com\/it\/wp-json\/wp\/v2\/pages\/794","targetHints":{"allow":["GET"]}}],"collection":[{"href":"https:\/\/aeolianvacations.com\/it\/wp-json\/wp\/v2\/pages"}],"about":[{"href":"https:\/\/aeolianvacations.com\/it\/wp-json\/wp\/v2\/types\/page"}],"author":[{"embeddable":true,"href":"https:\/\/aeolianvacations.com\/it\/wp-json\/wp\/v2\/users\/1"}],"replies":[{"embeddable":true,"href":"https:\/\/aeolianvacations.com\/it\/wp-json\/wp\/v2\/comments?post=794"}],"version-history":[{"count":52,"href":"https:\/\/aeolianvacations.com\/it\/wp-json\/wp\/v2\/pages\/794\/revisions"}],"predecessor-version":[{"id":5241,"href":"https:\/\/aeolianvacations.com\/it\/wp-json\/wp\/v2\/pages\/794\/revisions\/5241"}],"up":[{"embeddable":true,"href":"https:\/\/aeolianvacations.com\/it\/wp-json\/wp\/v2\/pages\/16"}],"wp:featuredmedia":[{"embeddable":true,"href":"https:\/\/aeolianvacations.com\/it\/wp-json\/wp\/v2\/media\/778"}],"wp:attachment":[{"href":"https:\/\/aeolianvacations.com\/it\/wp-json\/wp\/v2\/media?parent=794"}],"curies":[{"name":"wp","href":"https:\/\/api.w.org\/{rel}","templated":true}]}}