{"id":707,"date":"2018-04-11T08:47:23","date_gmt":"2018-04-11T08:47:23","guid":{"rendered":"http:\/\/aeolianvacations.com\/main\/?page_id=707"},"modified":"2024-03-14T21:50:55","modified_gmt":"2024-03-14T20:50:55","slug":"faq","status":"publish","type":"page","link":"https:\/\/aeolianvacations.com\/it\/faq\/","title":{"rendered":"Domande e risposte"},"content":{"rendered":"<h3>Domande e risposte sulla tua vacanza alle Isole  Eolie<\/h3>\n<h4>Dove si trovano le Isole Eolie?<\/h4>\n<p>Le Isole Eolie formano un arcipelago costituito da sette isole:\n\nLipari, Salina, Vulcano, Panarea, Stromboli, Filicudi e Alicudi.\n\nSono situate nel Mar Tirreno, a nord della Sicilia e hanno origine vulcanica.<\/p>\n<p><a href=\"https:\/\/it.wikipedia.org\/wiki\/Lipari_(Italia)\">Lipari<\/a> \u00e8 l'isola pi\u00f9 grande, al cui Comune fanno capo tutte le altre, ad eccezione di Salina che \u00e8 suddivisa amministrativamente in tre Comuni: Santa Marina Salina, Malfa e Leni.<\/p>\n<p><img loading=\"lazy\" decoding=\"async\" class=\"aligncenter wp-image-709 size-full\" src=\"http:\/\/aeolianvacations.com\/main\/wp-content\/uploads\/2018\/04\/eoliemap-ls.png\" alt=\"aeolian islands map\" width=\"831\" height=\"542\" srcset=\"https:\/\/aeolianvacations.com\/main\/wp-content\/uploads\/2018\/04\/eoliemap-ls.png 831w, https:\/\/aeolianvacations.com\/main\/wp-content\/uploads\/2018\/04\/eoliemap-ls-300x196.png 300w, https:\/\/aeolianvacations.com\/main\/wp-content\/uploads\/2018\/04\/eoliemap-ls-768x501.png 768w\" sizes=\"auto, (max-width: 831px) 100vw, 831px\" \/><\/p>\n<hr \/>\n<h4>Come arrivare alle Isole Eolie?<\/h4>\n<p><img loading=\"lazy\" decoding=\"async\" class=\"alignright wp-image-92 size-medium\" src=\"http:\/\/aeolianvacations.com\/main\/wp-content\/uploads\/2017\/05\/pexels-photo-1-300x199.jpg\" alt=\"aeolian islands ferries\" width=\"300\" height=\"199\" srcset=\"https:\/\/aeolianvacations.com\/main\/wp-content\/uploads\/2017\/05\/pexels-photo-1-300x199.jpg 300w, https:\/\/aeolianvacations.com\/main\/wp-content\/uploads\/2017\/05\/pexels-photo-1-768x509.jpg 768w, https:\/\/aeolianvacations.com\/main\/wp-content\/uploads\/2017\/05\/pexels-photo-1-1024x678.jpg 1024w, https:\/\/aeolianvacations.com\/main\/wp-content\/uploads\/2017\/05\/pexels-photo-1-845x560.jpg 845w, https:\/\/aeolianvacations.com\/main\/wp-content\/uploads\/2017\/05\/pexels-photo-1.jpg 2000w, https:\/\/aeolianvacations.com\/main\/wp-content\/uploads\/2017\/05\/pexels-photo-1-840x560.jpg 840w\" sizes=\"auto, (max-width: 300px) 100vw, 300px\" \/>Le Isole Eolie sono raggiungibili tramite <a href=\"https:\/\/carontetourist.it\/it\/siremar\/destinazioni\" target=\"_blank\" rel=\"noopener\">aliscafi e traghetti<\/a>. Il porto pi\u00f9 vicino \u00e8 Milazzo che rende possibili i collegamenti con le isole durante tutto l\u2019arco dell\u2019anno. Da Napoli, anche in inverno, un traghetto di linea permette di dirigersi alle Eolie due volte alla settimana.\n\nNel corso della stagione estiva si pu\u00f2 partire giornalmente in aliscafo altres\u00ec da Messina, Reggio Calabria, Palermo e Napoli. Gli aeroporti pi\u00f9 vicini all\u2019arcipelago sono Catania, Reggio Calabria e Palermo.<br \/>\nA scheduled ferry from Naples, also during the winter, allows maritime connection with the archipelago twice a week. There are, during summer season, hydrofoil daily route from\/to Messina, Reggio Calabria, Palermo and Naples. The closest airports to the archipelago are Catania, Reggio Calabria and Palermo.<\/p>\n<p>Dall\u2019aeroporto di Catania \u00e8 possibile raggiungere Messina o Milazzo mediante autobus di linea. <a href=\"http:\/\/www.giuntabustrasporti.com\/en-gb\/timetables\">by scheduled buses<\/a><\/p>\n<hr \/>\n<h4>Esistono limitazioni per raggiungere le Isole Eolie in auto?<\/h4>\n<p>Da giugno a settembre sono vietati l\u2019afflusso e la circolazione di veicoli a motore appartenenti a persone che non risiedono stabilmente alle isole, fatta eccezione per coloro che dimostrano di essere in possesso di prenotazione di almeno sette giorni presso una struttura ricettiva<\/p>\n<hr \/>\n<h4>Quali tipi di strutture sanitarie si trovano alle Eolie?<\/h4>\n<p>Lipari \u00e8 l\u2019unica delle sette isole dotata di una <a href=\"http:\/\/www.asp.messina.it\/?page_id=640\" target=\"_blank\" rel=\"noopener\">struttura ospedaliera pubblica<\/a>\u00a0 di pronto soccorso. Nelle altre \u00e8 possibile ricevere prima assistenza presso la locale guardia medica.<\/p>","protected":false},"excerpt":{"rendered":"<p>Frequently Asked Questions about your Aeolian Islands vacation Where are the Aeolian islands? The Aeolian archipelago consists of seven islands of volcanic origin, situated along Sicily\u2019s north-east coast, in the Tyrrhenian sea: Lipari, Salina, Vulcano, Panarea, Stromboli, Filicudi and Alicudi. Lipari is the largest island of the archipelago; administratively all the islands belong to the &hellip; <a href=\"https:\/\/aeolianvacations.com\/it\/faq\/\" class=\"more-link\">Continua a leggere<span class=\"screen-reader-text\"> &#8220;faq&#8221;<\/span><\/a><\/p>","protected":false},"author":1,"featured_media":435,"parent":0,"menu_order":0,"comment_status":"closed","ping_status":"closed","template":"","meta":{"footnotes":""},"class_list":["post-707","page","type-page","status-publish","has-post-thumbnail","hentry"],"jetpack_sharing_enabled":true,"_links":{"self":[{"href":"https:\/\/aeolianvacations.com\/it\/wp-json\/wp\/v2\/pages\/707","targetHints":{"allow":["GET"]}}],"collection":[{"href":"https:\/\/aeolianvacations.com\/it\/wp-json\/wp\/v2\/pages"}],"about":[{"href":"https:\/\/aeolianvacations.com\/it\/wp-json\/wp\/v2\/types\/page"}],"author":[{"embeddable":true,"href":"https:\/\/aeolianvacations.com\/it\/wp-json\/wp\/v2\/users\/1"}],"replies":[{"embeddable":true,"href":"https:\/\/aeolianvacations.com\/it\/wp-json\/wp\/v2\/comments?post=707"}],"version-history":[{"count":14,"href":"https:\/\/aeolianvacations.com\/it\/wp-json\/wp\/v2\/pages\/707\/revisions"}],"predecessor-version":[{"id":5253,"href":"https:\/\/aeolianvacations.com\/it\/wp-json\/wp\/v2\/pages\/707\/revisions\/5253"}],"wp:featuredmedia":[{"embeddable":true,"href":"https:\/\/aeolianvacations.com\/it\/wp-json\/wp\/v2\/media\/435"}],"wp:attachment":[{"href":"https:\/\/aeolianvacations.com\/it\/wp-json\/wp\/v2\/media?parent=707"}],"curies":[{"name":"wp","href":"https:\/\/api.w.org\/{rel}","templated":true}]}}